{"id":7743,"date":"2025-06-20T08:58:09","date_gmt":"2025-06-20T08:58:09","guid":{"rendered":"https:\/\/www.hknprefabrik.com\/?post_type=product&#038;p=7743"},"modified":"2025-06-20T14:28:48","modified_gmt":"2025-06-20T14:28:48","slug":"prefabrik-villalar","status":"publish","type":"product","link":"https:\/\/www.hknprefabrik.com\/index.php\/urun\/prefabrik-villalar\/","title":{"rendered":"PREFABR\u0130K V\u0130LLALAR"},"content":{"rendered":"\t\t<div data-elementor-type=\"section\" data-elementor-id=\"7619\" class=\"elementor elementor-7619\" data-elementor-post-type=\"elementor_library\">\n\t\t\t<div class=\"elementor-element elementor-element-eb43277 e-flex e-con-boxed kitify-col-width-auto-no ignore-docs-style-no kitify-disable-relative-no e-root-container elementor-top-section e-con e-parent\" data-id=\"eb43277\" data-element_type=\"container\">\n\t\t\t\t\t<div class=\"e-con-inner\">\n\t\t\t\t<div class=\"elementor-element elementor-element-963af52 elementor-widget elementor-widget-heading\" data-id=\"963af52\" data-element_type=\"widget\" data-widget_type=\"heading.default\">\n\t\t\t\t<div class=\"elementor-widget-container\">\n\t\t\t\t\t<p class=\"elementor-heading-title elementor-size-default\">Prefabrik Villalar \u2013 Modern ve Konforlu Ya\u015fam\u0131n Yeni Yolu\nPrefabrik villa modelleri, hem mimari esteti\u011fi hem de pratik kurulumu bir araya getirerek l\u00fcks konut aray\u0131\u015f\u0131na yeni bir soluk getiriyor. Geleneksel yap\u0131 sistemlerine k\u0131yasla \u00e7ok daha k\u0131sa s\u00fcrede teslim edilen, y\u00fcksek yal\u0131t\u0131m ve dayan\u0131kl\u0131l\u0131k sunan bu yap\u0131lar; \u015fehirden uzak, do\u011faya yak\u0131n m\u00fcstakil ya\u015fam\u0131n ideal \u00e7\u00f6z\u00fcmlerinden biridir.\nModern hatlara sahip mimari tasar\u0131mlar, iste\u011fe g\u00f6re klasik detaylarla da zenginle\u015ftirilebiliyor. 2+1'den 4+1 garajl\u0131 modellere kadar pek \u00e7ok alternatif, farkl\u0131 metrekare ve plan se\u00e7enekleriyle sunuluyor. Bu villalar, kolon ve kiri\u015fle b\u00f6l\u00fcnmeyen geni\u015f i\u00e7 hacimleri sayesinde daha ferah ve ayd\u0131nl\u0131k ya\u015fam alanlar\u0131 olu\u015fturuyor.\n<\/p>\t\t\t\t<\/div>\n\t\t\t\t<\/div>\n\t\t\t\t\t<\/div>\n\t\t\t\t<\/div>\n\t\t<div class=\"elementor-element elementor-element-fedf445 e-flex e-con-boxed kitify-col-width-auto-no ignore-docs-style-no kitify-disable-relative-no e-root-container elementor-top-section e-con e-parent\" data-id=\"fedf445\" data-element_type=\"container\">\n\t\t\t\t\t<div class=\"e-con-inner\">\n\t\t\t\t<div class=\"elementor-element elementor-element-19acadc imagelayout-preset-type-1 elementor-widget kitify elementor-kitify-images-layout\" data-id=\"19acadc\" data-element_type=\"widget\" data-widget_type=\"kitify-images-layout.default\">\n\t\t\t\t<div class=\"elementor-widget-container\">\n\t\t\t\t\t\n<div class=\"kitify-images-layout layout-type-grid preset-type-1 kitify-masonry-wrapper\" data-item_selector=\".kitify-images-layout__item\"  data-kitifymasonry_itemselector=\".kitify-images-layout__item\" data-kitifymasonry_wrap=\".kitify-images-layout__list\">\n        <div class=\"kitify-images-layout__list_wrapper\">\n        <div class=\"kitify-images-layout__list col-row\">\n            <div class=\"kitify-images-layout__item  col-desk-2 col-lap-2 col-tab-2 col-tabp-2\">\n\t<div class=\"kitify-images-layout__inner\">\n\t\t<a class=\"kitify-images-layout__link\" href=\"http:\/\/www.hknprefabrik.com\/wp-content\/uploads\/2025\/06\/02_03-PREFABRIK-VILLALAR_sol_01.jpg\" data-elementor-open-lightbox=\"yes\" data-elementor-lightbox-slideshow=\"19acadc\">\n\t\t\t<div class=\"kitify-images-layout__image\"><img loading=\"lazy\" decoding=\"async\" src=\"https:\/\/www.hknprefabrik.com\/wp-content\/uploads\/2025\/06\/02_03-PREFABRIK-VILLALAR_sol_01.jpg\" data-src=\"https:\/\/www.hknprefabrik.com\/wp-content\/uploads\/2025\/06\/02_03-PREFABRIK-VILLALAR_sol_01.jpg\" alt=\"\" loading=\"lazy\" class=\"kitify-images-layout__image-instance\" width=\"1000\" height=\"1200\" srcset=\"https:\/\/www.hknprefabrik.com\/wp-content\/uploads\/2025\/06\/02_03-PREFABRIK-VILLALAR_sol_01.jpg\" style=\"--img-height:1200px\">\t\t\t<\/div>\n\t\t\t<div class=\"kitify-images-layout__content\"><div class=\"kitify-images-layout__icon\"><div class=\"kitify-images-layout-icon-inner\"><i aria-hidden=\"true\" class=\"dlicon ui-1_zoom-in\"><\/i><\/div><\/div><\/div>\n\t\t<\/a>\n\t<\/div>\n<\/div><div class=\"kitify-images-layout__item  col-desk-2 col-lap-2 col-tab-2 col-tabp-2\">\n\t<div class=\"kitify-images-layout__inner\">\n\t\t<a class=\"kitify-images-layout__link\" href=\"http:\/\/www.hknprefabrik.com\/wp-content\/uploads\/2025\/06\/02_03-PREFABRIK-VILLALAR_sag_01.jpg\" data-elementor-open-lightbox=\"yes\" data-elementor-lightbox-slideshow=\"19acadc\">\n\t\t\t<div class=\"kitify-images-layout__image\"><img loading=\"lazy\" decoding=\"async\" src=\"https:\/\/www.hknprefabrik.com\/wp-content\/uploads\/2025\/06\/02_03-PREFABRIK-VILLALAR_sag_01.jpg\" data-src=\"https:\/\/www.hknprefabrik.com\/wp-content\/uploads\/2025\/06\/02_03-PREFABRIK-VILLALAR_sag_01.jpg\" alt=\"\" loading=\"lazy\" class=\"kitify-images-layout__image-instance\" width=\"1000\" height=\"580\" srcset=\"https:\/\/www.hknprefabrik.com\/wp-content\/uploads\/2025\/06\/02_03-PREFABRIK-VILLALAR_sag_01.jpg\" style=\"--img-height:580px\">\t\t\t<\/div>\n\t\t\t<div class=\"kitify-images-layout__content\"><div class=\"kitify-images-layout__icon\"><div class=\"kitify-images-layout-icon-inner\"><i aria-hidden=\"true\" class=\"dlicon ui-1_zoom-in\"><\/i><\/div><\/div><\/div>\n\t\t<\/a>\n\t<\/div>\n<\/div><div class=\"kitify-images-layout__item  col-desk-2 col-lap-2 col-tab-2 col-tabp-2\">\n\t<div class=\"kitify-images-layout__inner\">\n\t\t<a class=\"kitify-images-layout__link\" href=\"http:\/\/www.hknprefabrik.com\/wp-content\/uploads\/2025\/06\/02_03-PREFABRIK-VILLALAR_sag_02.jpg\" data-elementor-open-lightbox=\"yes\" data-elementor-lightbox-slideshow=\"19acadc\">\n\t\t\t<div class=\"kitify-images-layout__image\"><img loading=\"lazy\" decoding=\"async\" src=\"https:\/\/www.hknprefabrik.com\/wp-content\/uploads\/2025\/06\/02_03-PREFABRIK-VILLALAR_sag_02.jpg\" data-src=\"https:\/\/www.hknprefabrik.com\/wp-content\/uploads\/2025\/06\/02_03-PREFABRIK-VILLALAR_sag_02.jpg\" alt=\"\" loading=\"lazy\" class=\"kitify-images-layout__image-instance\" width=\"1000\" height=\"580\" srcset=\"https:\/\/www.hknprefabrik.com\/wp-content\/uploads\/2025\/06\/02_03-PREFABRIK-VILLALAR_sag_02.jpg\" style=\"--img-height:580px\">\t\t\t<\/div>\n\t\t\t<div class=\"kitify-images-layout__content\"><div class=\"kitify-images-layout__icon\"><div class=\"kitify-images-layout-icon-inner\"><i aria-hidden=\"true\" class=\"dlicon ui-1_zoom-in\"><\/i><\/div><\/div><\/div>\n\t\t<\/a>\n\t<\/div>\n<\/div>        <\/div>\n    <\/div>\n    <\/div>\t\t\t\t<\/div>\n\t\t\t\t<\/div>\n\t\t\t\t\t<\/div>\n\t\t\t\t<\/div>\n\t\t<div class=\"elementor-element elementor-element-d2e1faa e-flex e-con-boxed kitify-col-width-auto-no ignore-docs-style-no kitify-disable-relative-no e-root-container elementor-top-section e-con e-parent\" data-id=\"d2e1faa\" data-element_type=\"container\">\n\t\t\t\t\t<div class=\"e-con-inner\">\n\t\t\t\t<div class=\"elementor-element elementor-element-930ef5c elementor-widget elementor-widget-heading\" data-id=\"930ef5c\" data-element_type=\"widget\" data-widget_type=\"heading.default\">\n\t\t\t\t<div class=\"elementor-widget-container\">\n\t\t\t\t\t<p class=\"elementor-heading-title elementor-size-default\">Tek Katl\u0131 Prefabrik Villalar\nModern, sade ve i\u015flevsel bir ya\u015fam alan\u0131 arayanlar i\u00e7in tek katl\u0131 prefabrik villalar \u00f6n plana \u00e7\u0131k\u0131yor. Geni\u015f i\u00e7 hacmi, ferah oda da\u011f\u0131l\u0131mlar\u0131 ve mimari esteti\u011fiyle m\u00fcstakil konutlarda konforu en \u00fcst d\u00fczeye \u00e7\u0131kar\u0131r. \u00dcstelik tek katl\u0131 modeller; h\u0131zl\u0131 \u00fcretim, kolay kurulum ve d\u00fc\u015f\u00fck maliyet avantajlar\u0131 ile de \u00f6ne \u00e7\u0131kar.\n<\/p>\t\t\t\t<\/div>\n\t\t\t\t<\/div>\n\t\t\t\t<div class=\"elementor-element elementor-element-6620214 elementor-widget elementor-widget-text-editor\" data-id=\"6620214\" data-element_type=\"widget\" data-widget_type=\"text-editor.default\">\n\t\t\t\t<div class=\"elementor-widget-container\">\n\t\t\t\t\t\t\t\t\t<p><strong>Neden Prefabrik Villa?<\/strong><\/p><p>Prefabrik villa sistemleri geleneksel in\u015faat\u0131n aylar s\u00fcren s\u00fcre\u00e7lerini sadece birka\u00e7 g\u00fcne indiriyor. \u00dcstelik t\u00fcm sistem fabrika ortam\u0131nda haz\u0131rland\u0131\u011f\u0131 i\u00e7in; elektrik tesisat\u0131ndan yal\u0131t\u0131ma, i\u00e7 d\u0131\u015f boyadan pencereye kadar t\u00fcm detaylar uzman ekip taraf\u0131ndan tamamlanm\u0131\u015f olarak kurulum alan\u0131na sevk ediliyor. B\u00f6ylece usta bulma, i\u015f\u00e7ilik takibi, malzeme tedariki gibi sorunlar tamamen ortadan kalk\u0131yor.<\/p><p><strong>Prefabrik Villa Fiyatlar\u0131yla Sa\u011flanan Avantajlar<\/strong><\/p><p>Prefabrik villa fiyatlar\u0131, geleneksel yap\u0131lara g\u00f6re \u00e7ok daha ekonomiktir. Bunun temel nedenleri:<\/p><ul><li>Haz\u0131r villa projeleriyle proje \u00e7izim maliyetlerinin ortadan kalkmas\u0131<\/li><li>Yap\u0131 g\u00fcvenli\u011fi, elektrik ve s\u0131hhi tesisat projelerinin d\u00e2hili olarak haz\u0131rlanmas\u0131<\/li><li>Y\u00fcksek teknoloji ile seri \u00fcretim yap\u0131lmas\u0131<\/li><li>\u00dcretimin t\u00fcm malzeme ve detaylarla fabrikada tamamlanmas\u0131<\/li><li>Kolay lojistikle istenilen her yere sevk edilebilmesi<\/li><li>Kurulumun uzman ekip taraf\u0131ndan yap\u0131lmas\u0131yla i\u015f\u00e7ilik maliyetlerinden tasarruf sa\u011flanmas\u0131<\/li><\/ul>\t\t\t\t\t\t\t\t<\/div>\n\t\t\t\t<\/div>\n\t\t\t\t<div class=\"elementor-element elementor-element-e231747 elementor-widget elementor-widget-text-editor\" data-id=\"e231747\" data-element_type=\"widget\" data-widget_type=\"text-editor.default\">\n\t\t\t\t<div class=\"elementor-widget-container\">\n\t\t\t\t\t\t\t\t\t<ul><li><p><strong>Tek Katl\u0131 Prefabrik Villa Avantajlar\u0131:<\/strong><\/p><ul><li>Modern konseptlerin uygulanabilirli\u011fi<\/li><li>Kolay eri\u015filebilirlik ve tek d\u00fczey ya\u015fam kolayl\u0131\u011f\u0131<\/li><li>H\u0131zl\u0131 \u00fcretim ve montaj s\u00fcreci<\/li><li>Uygun maliyetli tasar\u0131m se\u00e7enekleri<\/li><\/ul><\/li><\/ul>\t\t\t\t\t\t\t\t<\/div>\n\t\t\t\t<\/div>\n\t\t\t\t<div class=\"elementor-element elementor-element-d5b7940 elementor-widget elementor-widget-text-editor\" data-id=\"d5b7940\" data-element_type=\"widget\" data-widget_type=\"text-editor.default\">\n\t\t\t\t<div class=\"elementor-widget-container\">\n\t\t\t\t\t\t\t\t\t<ul><li><p><strong>\u00c7ift Katl\u0131 Prefabrik Villalar<\/strong><\/p><p>Daha fazla ya\u015fam alan\u0131 ve estetik bir g\u00f6r\u00fcn\u00fcm arayanlar i\u00e7in \u00e7ift katl\u0131 prefabrik villa modelleri ideal tercihtir. Geni\u015f salonlar, ebeveyn banyolu odalar, balkonlar ve veranda detaylar\u0131 ile l\u00fcks ya\u015fam\u0131 destekleyen bu modeller; geleneksel villa konseptini yenilik\u00e7i \u00fcretimle birle\u015ftirir.<\/p><p><strong>\u00c7ift Katl\u0131 Prefabrik Villa Avantajlar\u0131:<\/strong><\/p><ul><li>Daha fazla kullan\u0131m alan\u0131<\/li><li>Kolon ve kiri\u015flerin minimum kullan\u0131m\u0131 sayesinde geni\u015f i\u00e7 hacim<\/li><li>Kat planlar\u0131nda tasar\u0131m \u00f6zg\u00fcrl\u00fc\u011f\u00fc<\/li><li>L\u00fcks ve modern g\u00f6r\u00fcn\u00fcm<\/li><\/ul><\/li><\/ul>\t\t\t\t\t\t\t\t<\/div>\n\t\t\t\t<\/div>\n\t\t\t\t<div class=\"elementor-element elementor-element-e45aa1c elementor-widget elementor-widget-text-editor\" data-id=\"e45aa1c\" data-element_type=\"widget\" data-widget_type=\"text-editor.default\">\n\t\t\t\t<div class=\"elementor-widget-container\">\n\t\t\t\t\t\t\t\t\t<p><strong>\u00dcretim ve Kurulum S\u00fcreci<\/strong><\/p><p>Prefabrik villalar, \u00f6zel yaz\u0131l\u0131m programlar\u0131 kullan\u0131larak uzman mimarlar taraf\u0131ndan tasarlan\u0131r. Statik hesaplamalar, elektrik ve su projeleri dijital ortamda haz\u0131rlan\u0131r ve \u00fcretim CNC makinelerle hatas\u0131z \u015fekilde ger\u00e7ekle\u015ftirilir. Kurulum, HKN PREFABR\u0130K&#8217;in deneyimli ekipleri taraf\u0131ndan k\u0131sa s\u00fcrede tamamlan\u0131r.<\/p><p>Yap\u0131n\u0131n her detay\u0131\u2014\u00e7elik ta\u015f\u0131y\u0131c\u0131 sistem, duvar bloklar\u0131, \u00e7at\u0131, kap\u0131, pencere, elektrik, su tesisat\u0131, yal\u0131t\u0131m ve boya\u2014profesyonel kurulum s\u00fcreciyle yerinde uygulan\u0131r. B\u00f6ylece yap\u0131, tam anlam\u0131yla ya\u015fanabilir ve eksiksiz olarak teslim edilir.<\/p>\t\t\t\t\t\t\t\t<\/div>\n\t\t\t\t<\/div>\n\t\t\t\t<div class=\"elementor-element elementor-element-e051426 elementor-widget elementor-widget-text-editor\" data-id=\"e051426\" data-element_type=\"widget\" data-widget_type=\"text-editor.default\">\n\t\t\t\t<div class=\"elementor-widget-container\">\n\t\t\t\t\t\t\t\t\t<p><strong>Prefabrik Villa Fiyatlar\u0131n\u0131 Etkileyen Unsurlar<\/strong><\/p><p>Prefabrik villa fiyatlar\u0131; se\u00e7ilen model, metrekare, kat say\u0131s\u0131, i\u00e7 donan\u0131m \u00f6zellikleri, \u00e7at\u0131 tipi, veranda ve balkon gibi ek detaylara g\u00f6re de\u011fi\u015fiklik g\u00f6sterir. Uygun fiyatl\u0131, kampanyal\u0131 villa modelleri ile hem b\u00fct\u00e7enize hem de hayalinizdeki ya\u015fam tarz\u0131na uygun se\u00e7imler yapabilirsiniz.<\/p><p><strong>Sonu\u00e7: Prefabrik Villayla Zaman ve Maliyet Tasarrufu<\/strong><\/p><p>HKN PREFABR\u0130K g\u00fcvencesiyle sunulan prefabrik villa modelleri; modern \u00fcretim teknolojileriyle k\u0131sa s\u00fcrede tamamlan\u0131r, her yere kolayca kurulabilir ve uzun \u00f6m\u00fcrl\u00fc yap\u0131s\u0131yla y\u0131llarca g\u00fcvenle kullan\u0131labilir. Geleneksel yap\u0131lar\u0131n zorluklar\u0131n\u0131 geride b\u0131rakmak, ustal\u0131k sorunlar\u0131yla u\u011fra\u015fmamak ve y\u00fcksek maliyetleri azaltmak isteyenler i\u00e7in prefabrik villa, en ak\u0131lc\u0131 konut \u00e7\u00f6z\u00fcm\u00fcd\u00fcr.<\/p>\t\t\t\t\t\t\t\t<\/div>\n\t\t\t\t<\/div>\n\t\t\t\t\t<\/div>\n\t\t\t\t<\/div>\n\t\t\t\t<\/div>\n\t\t\n","protected":false},"excerpt":{"rendered":"<p><strong>PREFABR\u0130K V\u0130LLALAR<\/strong><\/p>\n<p><strong>Hayalinizdeki villaya, konfordan \u00f6d\u00fcn vermeden k\u0131sa s\u00fcrede sahip olun!<\/strong><br \/>\nModern mimarinin estetik \u00e7izgilerini ta\u015f\u0131yan prefabrik villa modellerimiz, klasik detaylardan ho\u015flananlar i\u00e7in alternatif tasar\u0131mlar da sunar. Geni\u015f i\u00e7 hacimleri, y\u00fcksek yal\u0131t\u0131ml\u0131 yap\u0131s\u0131 ve dayan\u0131kl\u0131 ta\u015f\u0131y\u0131c\u0131 sistemiyle prefabrik villalar, l\u00fcks ve konforlu bir ya\u015fam\u0131n anahtar\u0131d\u0131r.<br \/>\nTek katl\u0131dan \u00e7ift katl\u0131ya, garajl\u0131 modellerden ferah verandal\u0131 se\u00e7eneklere kadar pek \u00e7ok alternatifle; hayalinizdeki villay\u0131 birlikte in\u015fa edelim.<\/p>\n","protected":false},"featured_media":7787,"comment_status":"open","ping_status":"closed","template":"","meta":[],"product_brand":[],"product_cat":[42],"product_tag":[115,116,44,117],"class_list":{"0":"post-7743","1":"product","2":"type-product","3":"status-publish","4":"has-post-thumbnail","6":"product_cat-prefabrik-ev","7":"product_tag-prefabrik","8":"product_tag-prefabrik-santiye","9":"product_tag-prefabrik-santiye-binalari","10":"product_tag-santiye-binasi","12":"first","13":"instock","14":"taxable","15":"shipping-taxable","16":"product-type-simple"},"jetpack_sharing_enabled":true,"_links":{"self":[{"href":"https:\/\/www.hknprefabrik.com\/index.php\/wp-json\/wp\/v2\/product\/7743","targetHints":{"allow":["GET"]}}],"collection":[{"href":"https:\/\/www.hknprefabrik.com\/index.php\/wp-json\/wp\/v2\/product"}],"about":[{"href":"https:\/\/www.hknprefabrik.com\/index.php\/wp-json\/wp\/v2\/types\/product"}],"replies":[{"embeddable":true,"href":"https:\/\/www.hknprefabrik.com\/index.php\/wp-json\/wp\/v2\/comments?post=7743"}],"wp:featuredmedia":[{"embeddable":true,"href":"https:\/\/www.hknprefabrik.com\/index.php\/wp-json\/wp\/v2\/media\/7787"}],"wp:attachment":[{"href":"https:\/\/www.hknprefabrik.com\/index.php\/wp-json\/wp\/v2\/media?parent=7743"}],"wp:term":[{"taxonomy":"product_brand","embeddable":true,"href":"https:\/\/www.hknprefabrik.com\/index.php\/wp-json\/wp\/v2\/product_brand?post=7743"},{"taxonomy":"product_cat","embeddable":true,"href":"https:\/\/www.hknprefabrik.com\/index.php\/wp-json\/wp\/v2\/product_cat?post=7743"},{"taxonomy":"product_tag","embeddable":true,"href":"https:\/\/www.hknprefabrik.com\/index.php\/wp-json\/wp\/v2\/product_tag?post=7743"}],"curies":[{"name":"wp","href":"https:\/\/api.w.org\/{rel}","templated":true}]}}