{"id":7751,"date":"2025-06-20T10:49:17","date_gmt":"2025-06-20T10:49:17","guid":{"rendered":"https:\/\/www.hknprefabrik.com\/?post_type=product&#038;p=7751"},"modified":"2025-06-20T14:41:28","modified_gmt":"2025-06-20T14:41:28","slug":"ozel-tasarim-konteynerler","status":"publish","type":"product","link":"https:\/\/www.hknprefabrik.com\/index.php\/urun\/ozel-tasarim-konteynerler\/","title":{"rendered":"\u00d6ZEL TASARIM KONTEYNERLER"},"content":{"rendered":"\t\t<div data-elementor-type=\"section\" data-elementor-id=\"7675\" class=\"elementor elementor-7675\" data-elementor-post-type=\"elementor_library\">\n\t\t\t<div class=\"elementor-element elementor-element-eb43277 e-flex e-con-boxed kitify-col-width-auto-no ignore-docs-style-no kitify-disable-relative-no e-root-container elementor-top-section e-con e-parent\" data-id=\"eb43277\" data-element_type=\"container\">\n\t\t\t\t\t<div class=\"e-con-inner\">\n\t\t\t\t<div class=\"elementor-element elementor-element-963af52 elementor-widget elementor-widget-heading\" data-id=\"963af52\" data-element_type=\"widget\" data-widget_type=\"heading.default\">\n\t\t\t\t<div class=\"elementor-widget-container\">\n\t\t\t\t\t<p class=\"elementor-heading-title elementor-size-default\">\u00d6zel Tasar\u0131m Konteynerler \u2013 Modern, Esnek ve Ki\u015fiselle\u015ftirilebilir Yap\u0131lar\n\u00d6zel tasar\u0131m konteynerler, klasik konteyner yap\u0131lar\u0131ndan farkl\u0131 olarak ba\u015ftan sona belirli bir kullan\u0131m amac\u0131na g\u00f6re tasarlanm\u0131\u015f, estetik, i\u015flevsel ve konforlu yap\u0131lard\u0131r. Bu konteyner t\u00fcrleri; sadece ofis ya da konut ihtiyac\u0131na de\u011fil, ayn\u0131 zamanda butik restoran, kafe, showroom, kuaf\u00f6r salonu, sat\u0131\u015f ofisi gibi bir\u00e7ok sekt\u00f6rel ihtiyaca \u00f6zel \u00e7\u00f6z\u00fcmler sunmak amac\u0131yla geli\u015ftirilmi\u015ftir.\n<\/p>\t\t\t\t<\/div>\n\t\t\t\t<\/div>\n\t\t\t\t\t<\/div>\n\t\t\t\t<\/div>\n\t\t<div class=\"elementor-element elementor-element-fedf445 e-flex e-con-boxed kitify-col-width-auto-no ignore-docs-style-no kitify-disable-relative-no e-root-container elementor-top-section e-con e-parent\" data-id=\"fedf445\" data-element_type=\"container\">\n\t\t\t\t\t<div class=\"e-con-inner\">\n\t\t\t\t<div class=\"elementor-element elementor-element-19acadc imagelayout-preset-type-1 elementor-widget kitify elementor-kitify-images-layout\" data-id=\"19acadc\" data-element_type=\"widget\" data-widget_type=\"kitify-images-layout.default\">\n\t\t\t\t<div class=\"elementor-widget-container\">\n\t\t\t\t\t\n<div class=\"kitify-images-layout layout-type-grid preset-type-1 kitify-masonry-wrapper\" data-item_selector=\".kitify-images-layout__item\"  data-kitifymasonry_itemselector=\".kitify-images-layout__item\" data-kitifymasonry_wrap=\".kitify-images-layout__list\">\n        <div class=\"kitify-images-layout__list_wrapper\">\n        <div class=\"kitify-images-layout__list col-row\">\n            <div class=\"kitify-images-layout__item  col-desk-2 col-lap-2 col-tab-2 col-tabp-2\">\n\t<div class=\"kitify-images-layout__inner\">\n\t\t<a class=\"kitify-images-layout__link\" href=\"http:\/\/www.hknprefabrik.com\/wp-content\/uploads\/2025\/06\/03_06-Ozel-Tasarim-Konteynerler_sol_01.jpg\" data-elementor-open-lightbox=\"yes\" data-elementor-lightbox-slideshow=\"19acadc\">\n\t\t\t<div class=\"kitify-images-layout__image\"><img loading=\"lazy\" decoding=\"async\" src=\"https:\/\/www.hknprefabrik.com\/wp-content\/uploads\/2025\/06\/03_06-Ozel-Tasarim-Konteynerler_sol_01.jpg\" data-src=\"https:\/\/www.hknprefabrik.com\/wp-content\/uploads\/2025\/06\/03_06-Ozel-Tasarim-Konteynerler_sol_01.jpg\" alt=\"\" loading=\"lazy\" class=\"kitify-images-layout__image-instance\" width=\"1000\" height=\"1200\" srcset=\"https:\/\/www.hknprefabrik.com\/wp-content\/uploads\/2025\/06\/03_06-Ozel-Tasarim-Konteynerler_sol_01.jpg\" style=\"--img-height:1200px\">\t\t\t<\/div>\n\t\t\t<div class=\"kitify-images-layout__content\"><div class=\"kitify-images-layout__icon\"><div class=\"kitify-images-layout-icon-inner\"><i aria-hidden=\"true\" class=\"dlicon ui-1_zoom-in\"><\/i><\/div><\/div><\/div>\n\t\t<\/a>\n\t<\/div>\n<\/div><div class=\"kitify-images-layout__item  col-desk-2 col-lap-2 col-tab-2 col-tabp-2\">\n\t<div class=\"kitify-images-layout__inner\">\n\t\t<a class=\"kitify-images-layout__link\" href=\"http:\/\/www.hknprefabrik.com\/wp-content\/uploads\/2025\/06\/03_06-Ozel-Tasarim-Konteynerler_sag_01.jpg\" data-elementor-open-lightbox=\"yes\" data-elementor-lightbox-slideshow=\"19acadc\">\n\t\t\t<div class=\"kitify-images-layout__image\"><img loading=\"lazy\" decoding=\"async\" src=\"https:\/\/www.hknprefabrik.com\/wp-content\/uploads\/2025\/06\/03_06-Ozel-Tasarim-Konteynerler_sag_01.jpg\" data-src=\"https:\/\/www.hknprefabrik.com\/wp-content\/uploads\/2025\/06\/03_06-Ozel-Tasarim-Konteynerler_sag_01.jpg\" alt=\"\" loading=\"lazy\" class=\"kitify-images-layout__image-instance\" width=\"1000\" height=\"580\" srcset=\"https:\/\/www.hknprefabrik.com\/wp-content\/uploads\/2025\/06\/03_06-Ozel-Tasarim-Konteynerler_sag_01.jpg\" style=\"--img-height:580px\">\t\t\t<\/div>\n\t\t\t<div class=\"kitify-images-layout__content\"><div class=\"kitify-images-layout__icon\"><div class=\"kitify-images-layout-icon-inner\"><i aria-hidden=\"true\" class=\"dlicon ui-1_zoom-in\"><\/i><\/div><\/div><\/div>\n\t\t<\/a>\n\t<\/div>\n<\/div><div class=\"kitify-images-layout__item  col-desk-2 col-lap-2 col-tab-2 col-tabp-2\">\n\t<div class=\"kitify-images-layout__inner\">\n\t\t<a class=\"kitify-images-layout__link\" href=\"http:\/\/www.hknprefabrik.com\/wp-content\/uploads\/2025\/06\/03_06-Ozel-Tasarim-Konteynerler_sag_02.jpg\" data-elementor-open-lightbox=\"yes\" data-elementor-lightbox-slideshow=\"19acadc\">\n\t\t\t<div class=\"kitify-images-layout__image\"><img loading=\"lazy\" decoding=\"async\" src=\"https:\/\/www.hknprefabrik.com\/wp-content\/uploads\/2025\/06\/03_06-Ozel-Tasarim-Konteynerler_sag_02.jpg\" data-src=\"https:\/\/www.hknprefabrik.com\/wp-content\/uploads\/2025\/06\/03_06-Ozel-Tasarim-Konteynerler_sag_02.jpg\" alt=\"\" loading=\"lazy\" class=\"kitify-images-layout__image-instance\" width=\"1000\" height=\"580\" srcset=\"https:\/\/www.hknprefabrik.com\/wp-content\/uploads\/2025\/06\/03_06-Ozel-Tasarim-Konteynerler_sag_02.jpg\" style=\"--img-height:580px\">\t\t\t<\/div>\n\t\t\t<div class=\"kitify-images-layout__content\"><div class=\"kitify-images-layout__icon\"><div class=\"kitify-images-layout-icon-inner\"><i aria-hidden=\"true\" class=\"dlicon ui-1_zoom-in\"><\/i><\/div><\/div><\/div>\n\t\t<\/a>\n\t<\/div>\n<\/div>        <\/div>\n    <\/div>\n    <\/div>\t\t\t\t<\/div>\n\t\t\t\t<\/div>\n\t\t\t\t\t<\/div>\n\t\t\t\t<\/div>\n\t\t<div class=\"elementor-element elementor-element-d2e1faa e-flex e-con-boxed kitify-col-width-auto-no ignore-docs-style-no kitify-disable-relative-no e-root-container elementor-top-section e-con e-parent\" data-id=\"d2e1faa\" data-element_type=\"container\">\n\t\t\t\t\t<div class=\"e-con-inner\">\n\t\t\t\t<div class=\"elementor-element elementor-element-930ef5c elementor-widget elementor-widget-heading\" data-id=\"930ef5c\" data-element_type=\"widget\" data-widget_type=\"heading.default\">\n\t\t\t\t<div class=\"elementor-widget-container\">\n\t\t\t\t\t<p class=\"elementor-heading-title elementor-size-default\">\u00d6zel Tasar\u0131m Konteynerler \u2013 Modern, Esnek ve Ki\u015fiselle\u015ftirilebilir Yap\u0131lar\n\u00d6zel tasar\u0131m konteynerler, klasik konteyner yap\u0131lar\u0131ndan farkl\u0131 olarak ba\u015ftan sona belirli bir kullan\u0131m amac\u0131na g\u00f6re tasarlanm\u0131\u015f, estetik, i\u015flevsel ve konforlu yap\u0131lard\u0131r. Bu konteyner t\u00fcrleri; sadece ofis ya da konut ihtiyac\u0131na de\u011fil, ayn\u0131 zamanda butik restoran, kafe, showroom, kuaf\u00f6r salonu, sat\u0131\u015f ofisi gibi bir\u00e7ok sekt\u00f6rel ihtiyaca \u00f6zel \u00e7\u00f6z\u00fcmler sunmak amac\u0131yla geli\u015ftirilmi\u015ftir.\n\u00d6zel Yap\u0131m Konteynerlerde Y\u00fcksek Konfor ve Kalite Bir Arada\nHKN PREFABR\u0130K\u2019in \u00f6zel \u00fcretim konteyner modelleri; y\u00fcksek kaliteli galvaniz sac, otomotiv boyama teknolojisi, sandvi\u00e7 panel duvar ve \u00e7at\u0131 sistemleriyle donat\u0131l\u0131r. Yal\u0131t\u0131m g\u00fcc\u00fc y\u00fcksek EPS veya opsiyonel ta\u015f y\u00fcn\u00fc dolgulu paneller sayesinde yaz\u0131n serin, k\u0131\u015f\u0131n s\u0131cak i\u00e7 mekanlar sa\u011flan\u0131rken enerji verimlili\u011fi de maksimum seviyeye \u00e7\u0131kar\u0131l\u0131r. Bu sayede %60\u2019a varan enerji tasarrufu sa\u011flanabilir.\nDemonte \u00fcretim sistemi ile sevk edilen bu yap\u0131lar, klasik yap\u0131 s\u00fcre\u00e7lerine g\u00f6re %85\u2019e kadar zaman tasarrufu sa\u011flayarak ayn\u0131 g\u00fcn i\u00e7inde kurulup kullan\u0131ma haz\u0131r hale getirilebilir. \u00d6rne\u011fin; 50 m\u00b2\u2019lik bir \u00f6zel tasar\u0131m konteyner ofis birka\u00e7 saat i\u00e7inde kurulabilir ve hizmet vermeye ba\u015flayabilir.\n<\/p>\t\t\t\t<\/div>\n\t\t\t\t<\/div>\n\t\t\t\t<div class=\"elementor-element elementor-element-6620214 elementor-widget elementor-widget-text-editor\" data-id=\"6620214\" data-element_type=\"widget\" data-widget_type=\"text-editor.default\">\n\t\t\t\t<div class=\"elementor-widget-container\">\n\t\t\t\t\t\t\t\t\t<p><strong>Kullan\u0131m Alanlar\u0131na G\u00f6re Mod\u00fcler Esneklik<\/strong><\/p><p>\u00d6zel tasar\u0131m konteyner modelleri, kullan\u0131c\u0131n\u0131n ihtiya\u00e7lar\u0131na g\u00f6re esnek i\u00e7 b\u00f6lme se\u00e7enekleriyle sunulur. Ofis b\u00f6lmeleri, toplant\u0131 salonu, mutfak, tuvalet-du\u015f alan\u0131 gibi i\u00e7 yerle\u015fimler istenilen \u015fekilde planlanabilir. Ayn\u0131 zamanda mod\u00fcler sistem ile yatay veya dikey olarak geni\u015fletilerek daha b\u00fcy\u00fck ya\u015fam veya \u00e7al\u0131\u015fma alanlar\u0131 elde etmek m\u00fcmk\u00fcnd\u00fcr.<\/p><p><strong>Ba\u015fl\u0131ca kullan\u0131m alanlar\u0131:<\/strong><\/p><ul><li>Sat\u0131\u015f ofisi konteyneri<\/li><li>Kafe ve restoran konteyneri<\/li><li>G\u00fczellik salonu veya kuaf\u00f6r konteyneri<\/li><li>Ara\u00e7 kiralama veya galeri konteyneri<\/li><li>B\u00fcfe, mini market, spor ma\u011fazas\u0131<\/li><li>Ar\u015fiv, depo, at\u00f6lye konteynerleri<\/li><li>Mobil showroom ve etkinlik konteynerleri<\/li><\/ul>\t\t\t\t\t\t\t\t<\/div>\n\t\t\t\t<\/div>\n\t\t\t\t<div class=\"elementor-element elementor-element-e231747 elementor-widget elementor-widget-text-editor\" data-id=\"e231747\" data-element_type=\"widget\" data-widget_type=\"text-editor.default\">\n\t\t\t\t<div class=\"elementor-widget-container\">\n\t\t\t\t\t\t\t\t\t<ul><li><p><strong>Ki\u015fiye \u00d6zel \u00d6l\u00e7\u00fc ve Tasar\u0131m Se\u00e7enekleri<\/strong><\/p><p>Standart \u00f6l\u00e7\u00fclerin d\u0131\u015f\u0131nda \u00fcretilen \u00f6zel \u00f6l\u00e7\u00fc konteynerler, tamamen projenize \u00f6zg\u00fc \u015fekilde boyutland\u0131r\u0131l\u0131r ve tasarlan\u0131r. 3&#215;7 m, 4&#215;9 m gibi geni\u015f metrekarelerde \u00fcretilebilen bu yap\u0131lar, sadece vin\u00e7 ve temel el aletleriyle kolayca monte edilebilir. Gerekti\u011finde HKN PREFABR\u0130K\u2019in uzman ekipleri taraf\u0131ndan kurulum hizmeti de verilir.<\/p><\/li><\/ul>\t\t\t\t\t\t\t\t<\/div>\n\t\t\t\t<\/div>\n\t\t\t\t<div class=\"elementor-element elementor-element-d5b7940 elementor-widget elementor-widget-text-editor\" data-id=\"d5b7940\" data-element_type=\"widget\" data-widget_type=\"text-editor.default\">\n\t\t\t\t<div class=\"elementor-widget-container\">\n\t\t\t\t\t\t\t\t\t<ul><li><p><strong>\u00d6zel Tasar\u0131m Konteyner Fiyatlar\u0131 ve Maliyet Avantaj\u0131<\/strong><\/p><p>Konteyner fiyatlar\u0131; tasar\u0131m detaylar\u0131, i\u00e7 donan\u0131m tercihleriniz, kullan\u0131lan yal\u0131t\u0131m t\u00fcr\u00fc ve ekstra uygulamalara g\u00f6re de\u011fi\u015fiklik g\u00f6sterebilir. Ancak uzun \u00f6m\u00fcrl\u00fc kullan\u0131m, d\u00fc\u015f\u00fck bak\u0131m maliyeti ve h\u0131zl\u0131 kurulum avantaj\u0131 d\u00fc\u015f\u00fcn\u00fcld\u00fc\u011f\u00fcnde, \u00f6zel tasar\u0131m konteynerler geleneksel yap\u0131 t\u00fcrlerine g\u00f6re \u00e7ok daha ekonomik ve pratik bir tercihtir.<\/p><\/li><\/ul>\t\t\t\t\t\t\t\t<\/div>\n\t\t\t\t<\/div>\n\t\t\t\t<div class=\"elementor-element elementor-element-e45aa1c elementor-widget elementor-widget-text-editor\" data-id=\"e45aa1c\" data-element_type=\"widget\" data-widget_type=\"text-editor.default\">\n\t\t\t\t<div class=\"elementor-widget-container\">\n\t\t\t\t\t\t\t\t\t<p><strong>HKN PREFABR\u0130K olarak, sizin i\u00e7in en do\u011fru \u00f6l\u00e7\u00fcde, en fonksiyonel ve estetik \u00f6zel tasar\u0131m konteynerleri \u00fcretmekten memnuniyet duyar\u0131z. Fikir sizden, m\u00fchendislik bizden.<\/strong><br \/>Dilerseniz projelerinize \u00f6zel \u00e7izim ve teklif taleplerinizi bizimle hemen payla\u015fabilirsiniz.<\/p>\t\t\t\t\t\t\t\t<\/div>\n\t\t\t\t<\/div>\n\t\t\t\t\t<\/div>\n\t\t\t\t<\/div>\n\t\t\t\t<\/div>\n\t\t\n","protected":false},"excerpt":{"rendered":"<p><strong>\u00d6zel Tasar\u0131m Konteynerler<\/strong><\/p>\n<p><strong>Her \u0130htiyaca Uygun, Estetik ve Fonksiyonel \u00c7\u00f6z\u00fcmler<\/strong><\/p>\n<p>HKN PREFABR\u0130K olarak her projeye \u00f6zel \u00fcretim yapma esnekli\u011fimiz sayesinde, farkl\u0131 kullan\u0131m ama\u00e7lar\u0131na uygun, y\u00fcksek konfor ve estetik sunan \u00f6zel tasar\u0131m konteyner \u00e7\u00f6z\u00fcmleri sunuyoruz. Ofisten sat\u0131\u015f ofisine, kafeden g\u00fczellik salonuna kadar pek \u00e7ok farkl\u0131 yap\u0131 t\u00fcr\u00fc, sizin ihtiya\u00e7lar\u0131n\u0131za g\u00f6re yeniden tasarlan\u0131yor. Uzun \u00f6m\u00fcrl\u00fc, dayan\u0131kl\u0131 ve kolay kurulabilir yap\u0131lar\u0131yla \u00f6zel tasar\u0131m konteynerler, sadece fonksiyonel de\u011fil, ayn\u0131 zamanda g\u00f6z al\u0131c\u0131 birer ya\u015fam ve \u00e7al\u0131\u015fma alan\u0131 sunar.<\/p>\n","protected":false},"featured_media":7807,"comment_status":"open","ping_status":"closed","template":"","meta":[],"product_brand":[],"product_cat":[43],"product_tag":[115,116,44,117],"class_list":{"0":"post-7751","1":"product","2":"type-product","3":"status-publish","4":"has-post-thumbnail","6":"product_cat-konteyner","7":"product_tag-prefabrik","8":"product_tag-prefabrik-santiye","9":"product_tag-prefabrik-santiye-binalari","10":"product_tag-santiye-binasi","12":"first","13":"instock","14":"taxable","15":"shipping-taxable","16":"product-type-simple"},"jetpack_sharing_enabled":true,"_links":{"self":[{"href":"https:\/\/www.hknprefabrik.com\/index.php\/wp-json\/wp\/v2\/product\/7751","targetHints":{"allow":["GET"]}}],"collection":[{"href":"https:\/\/www.hknprefabrik.com\/index.php\/wp-json\/wp\/v2\/product"}],"about":[{"href":"https:\/\/www.hknprefabrik.com\/index.php\/wp-json\/wp\/v2\/types\/product"}],"replies":[{"embeddable":true,"href":"https:\/\/www.hknprefabrik.com\/index.php\/wp-json\/wp\/v2\/comments?post=7751"}],"wp:featuredmedia":[{"embeddable":true,"href":"https:\/\/www.hknprefabrik.com\/index.php\/wp-json\/wp\/v2\/media\/7807"}],"wp:attachment":[{"href":"https:\/\/www.hknprefabrik.com\/index.php\/wp-json\/wp\/v2\/media?parent=7751"}],"wp:term":[{"taxonomy":"product_brand","embeddable":true,"href":"https:\/\/www.hknprefabrik.com\/index.php\/wp-json\/wp\/v2\/product_brand?post=7751"},{"taxonomy":"product_cat","embeddable":true,"href":"https:\/\/www.hknprefabrik.com\/index.php\/wp-json\/wp\/v2\/product_cat?post=7751"},{"taxonomy":"product_tag","embeddable":true,"href":"https:\/\/www.hknprefabrik.com\/index.php\/wp-json\/wp\/v2\/product_tag?post=7751"}],"curies":[{"name":"wp","href":"https:\/\/api.w.org\/{rel}","templated":true}]}}