{"id":7755,"date":"2025-06-20T10:58:04","date_gmt":"2025-06-20T10:58:04","guid":{"rendered":"https:\/\/www.hknprefabrik.com\/?post_type=product&#038;p=7755"},"modified":"2025-06-20T14:52:13","modified_gmt":"2025-06-20T14:52:13","slug":"hafif-celik-evler","status":"publish","type":"product","link":"https:\/\/www.hknprefabrik.com\/index.php\/urun\/hafif-celik-evler\/","title":{"rendered":"TEK KATLI \u00c7EL\u0130K EVLER"},"content":{"rendered":"\t\t<div data-elementor-type=\"section\" data-elementor-id=\"7702\" class=\"elementor elementor-7702\" data-elementor-post-type=\"elementor_library\">\n\t\t\t<div class=\"elementor-element elementor-element-eb43277 e-flex e-con-boxed kitify-col-width-auto-no ignore-docs-style-no kitify-disable-relative-no e-root-container elementor-top-section e-con e-parent\" data-id=\"eb43277\" data-element_type=\"container\">\n\t\t\t\t\t<div class=\"e-con-inner\">\n\t\t\t\t<div class=\"elementor-element elementor-element-963af52 elementor-widget elementor-widget-heading\" data-id=\"963af52\" data-element_type=\"widget\" data-widget_type=\"heading.default\">\n\t\t\t\t<div class=\"elementor-widget-container\">\n\t\t\t\t\t<p class=\"elementor-heading-title elementor-size-default\">\u2705 Teknik \u00d6zellikler\nTek katl\u0131 \u00e7elik evler, hafif \u00e7elik konstr\u00fcksiyon sistemiyle \u00fcretilir. Ana ta\u015f\u0131y\u0131c\u0131 sistem; galvanizli \u00e7elik profillerden olu\u015fur. Duvar ve \u00e7at\u0131 panellerinde sandvi\u00e7 panel veya fibercement levhalar kullan\u0131labilir.\n<\/p>\t\t\t\t<\/div>\n\t\t\t\t<\/div>\n\t\t\t\t\t<\/div>\n\t\t\t\t<\/div>\n\t\t<div class=\"elementor-element elementor-element-fedf445 e-flex e-con-boxed kitify-col-width-auto-no ignore-docs-style-no kitify-disable-relative-no e-root-container elementor-top-section e-con e-parent\" data-id=\"fedf445\" data-element_type=\"container\">\n\t\t\t\t\t<div class=\"e-con-inner\">\n\t\t\t\t<div class=\"elementor-element elementor-element-19acadc imagelayout-preset-type-1 elementor-widget kitify elementor-kitify-images-layout\" data-id=\"19acadc\" data-element_type=\"widget\" data-widget_type=\"kitify-images-layout.default\">\n\t\t\t\t<div class=\"elementor-widget-container\">\n\t\t\t\t\t\n<div class=\"kitify-images-layout layout-type-grid preset-type-1 kitify-masonry-wrapper\" data-item_selector=\".kitify-images-layout__item\"  data-kitifymasonry_itemselector=\".kitify-images-layout__item\" data-kitifymasonry_wrap=\".kitify-images-layout__list\">\n        <div class=\"kitify-images-layout__list_wrapper\">\n        <div class=\"kitify-images-layout__list col-row\">\n            <div class=\"kitify-images-layout__item  col-desk-2 col-lap-2 col-tab-2 col-tabp-2\">\n\t<div class=\"kitify-images-layout__inner\">\n\t\t<a class=\"kitify-images-layout__link\" href=\"http:\/\/www.hknprefabrik.com\/wp-content\/uploads\/2025\/06\/06_01-Tek-Katli-Celik-Evler_sol_01.jpg\" data-elementor-open-lightbox=\"yes\" data-elementor-lightbox-slideshow=\"19acadc\">\n\t\t\t<div class=\"kitify-images-layout__image\"><img loading=\"lazy\" decoding=\"async\" src=\"https:\/\/www.hknprefabrik.com\/wp-content\/uploads\/2025\/06\/06_01-Tek-Katli-Celik-Evler_sol_01.jpg\" data-src=\"https:\/\/www.hknprefabrik.com\/wp-content\/uploads\/2025\/06\/06_01-Tek-Katli-Celik-Evler_sol_01.jpg\" alt=\"\" loading=\"lazy\" class=\"kitify-images-layout__image-instance\" width=\"1000\" height=\"1200\" srcset=\"https:\/\/www.hknprefabrik.com\/wp-content\/uploads\/2025\/06\/06_01-Tek-Katli-Celik-Evler_sol_01.jpg\" style=\"--img-height:1200px\">\t\t\t<\/div>\n\t\t\t<div class=\"kitify-images-layout__content\"><div class=\"kitify-images-layout__icon\"><div class=\"kitify-images-layout-icon-inner\"><i aria-hidden=\"true\" class=\"dlicon ui-1_zoom-in\"><\/i><\/div><\/div><\/div>\n\t\t<\/a>\n\t<\/div>\n<\/div><div class=\"kitify-images-layout__item  col-desk-2 col-lap-2 col-tab-2 col-tabp-2\">\n\t<div class=\"kitify-images-layout__inner\">\n\t\t<a class=\"kitify-images-layout__link\" href=\"http:\/\/www.hknprefabrik.com\/wp-content\/uploads\/2025\/06\/06_01-Tek-Katli-Celik-Evler_sag_01.jpg\" data-elementor-open-lightbox=\"yes\" data-elementor-lightbox-slideshow=\"19acadc\">\n\t\t\t<div class=\"kitify-images-layout__image\"><img loading=\"lazy\" decoding=\"async\" src=\"https:\/\/www.hknprefabrik.com\/wp-content\/uploads\/2025\/06\/06_01-Tek-Katli-Celik-Evler_sag_01.jpg\" data-src=\"https:\/\/www.hknprefabrik.com\/wp-content\/uploads\/2025\/06\/06_01-Tek-Katli-Celik-Evler_sag_01.jpg\" alt=\"\" loading=\"lazy\" class=\"kitify-images-layout__image-instance\" width=\"1000\" height=\"580\" srcset=\"https:\/\/www.hknprefabrik.com\/wp-content\/uploads\/2025\/06\/06_01-Tek-Katli-Celik-Evler_sag_01.jpg\" style=\"--img-height:580px\">\t\t\t<\/div>\n\t\t\t<div class=\"kitify-images-layout__content\"><div class=\"kitify-images-layout__icon\"><div class=\"kitify-images-layout-icon-inner\"><i aria-hidden=\"true\" class=\"dlicon ui-1_zoom-in\"><\/i><\/div><\/div><\/div>\n\t\t<\/a>\n\t<\/div>\n<\/div><div class=\"kitify-images-layout__item  col-desk-2 col-lap-2 col-tab-2 col-tabp-2\">\n\t<div class=\"kitify-images-layout__inner\">\n\t\t<a class=\"kitify-images-layout__link\" href=\"http:\/\/www.hknprefabrik.com\/wp-content\/uploads\/2025\/06\/06_01-Tek-Katli-Celik-Evler_sag_02.jpg\" data-elementor-open-lightbox=\"yes\" data-elementor-lightbox-slideshow=\"19acadc\">\n\t\t\t<div class=\"kitify-images-layout__image\"><img loading=\"lazy\" decoding=\"async\" src=\"https:\/\/www.hknprefabrik.com\/wp-content\/uploads\/2025\/06\/06_01-Tek-Katli-Celik-Evler_sag_02.jpg\" data-src=\"https:\/\/www.hknprefabrik.com\/wp-content\/uploads\/2025\/06\/06_01-Tek-Katli-Celik-Evler_sag_02.jpg\" alt=\"\" loading=\"lazy\" class=\"kitify-images-layout__image-instance\" width=\"1000\" height=\"580\" srcset=\"https:\/\/www.hknprefabrik.com\/wp-content\/uploads\/2025\/06\/06_01-Tek-Katli-Celik-Evler_sag_02.jpg\" style=\"--img-height:580px\">\t\t\t<\/div>\n\t\t\t<div class=\"kitify-images-layout__content\"><div class=\"kitify-images-layout__icon\"><div class=\"kitify-images-layout-icon-inner\"><i aria-hidden=\"true\" class=\"dlicon ui-1_zoom-in\"><\/i><\/div><\/div><\/div>\n\t\t<\/a>\n\t<\/div>\n<\/div><div class=\"kitify-images-layout__item  col-desk-2 col-lap-2 col-tab-2 col-tabp-2\">\n\t<div class=\"kitify-images-layout__inner\">\n\t\t<a class=\"kitify-images-layout__link\" href=\"http:\/\/www.hknprefabrik.com\/wp-content\/uploads\/2025\/06\/06_01-Tek-Katli-Celik-Evler_sol_02.jpg\" data-elementor-open-lightbox=\"yes\" data-elementor-lightbox-slideshow=\"19acadc\">\n\t\t\t<div class=\"kitify-images-layout__image\"><img loading=\"lazy\" decoding=\"async\" src=\"https:\/\/www.hknprefabrik.com\/wp-content\/uploads\/2025\/06\/06_01-Tek-Katli-Celik-Evler_sol_02.jpg\" data-src=\"https:\/\/www.hknprefabrik.com\/wp-content\/uploads\/2025\/06\/06_01-Tek-Katli-Celik-Evler_sol_02.jpg\" alt=\"\" loading=\"lazy\" class=\"kitify-images-layout__image-instance\" width=\"1000\" height=\"1200\" srcset=\"https:\/\/www.hknprefabrik.com\/wp-content\/uploads\/2025\/06\/06_01-Tek-Katli-Celik-Evler_sol_02.jpg\" style=\"--img-height:1200px\">\t\t\t<\/div>\n\t\t\t<div class=\"kitify-images-layout__content\"><div class=\"kitify-images-layout__icon\"><div class=\"kitify-images-layout-icon-inner\"><i aria-hidden=\"true\" class=\"dlicon ui-1_zoom-in\"><\/i><\/div><\/div><\/div>\n\t\t<\/a>\n\t<\/div>\n<\/div><div class=\"kitify-images-layout__item  col-desk-2 col-lap-2 col-tab-2 col-tabp-2\">\n\t<div class=\"kitify-images-layout__inner\">\n\t\t<a class=\"kitify-images-layout__link\" href=\"http:\/\/www.hknprefabrik.com\/wp-content\/uploads\/2025\/06\/06_01-Tek-Katli-Celik-Evler_sag_03.jpg\" data-elementor-open-lightbox=\"yes\" data-elementor-lightbox-slideshow=\"19acadc\">\n\t\t\t<div class=\"kitify-images-layout__image\"><img loading=\"lazy\" decoding=\"async\" src=\"https:\/\/www.hknprefabrik.com\/wp-content\/uploads\/2025\/06\/06_01-Tek-Katli-Celik-Evler_sag_03.jpg\" data-src=\"https:\/\/www.hknprefabrik.com\/wp-content\/uploads\/2025\/06\/06_01-Tek-Katli-Celik-Evler_sag_03.jpg\" alt=\"\" loading=\"lazy\" class=\"kitify-images-layout__image-instance\" width=\"1000\" height=\"580\" srcset=\"https:\/\/www.hknprefabrik.com\/wp-content\/uploads\/2025\/06\/06_01-Tek-Katli-Celik-Evler_sag_03.jpg\" style=\"--img-height:580px\">\t\t\t<\/div>\n\t\t\t<div class=\"kitify-images-layout__content\"><div class=\"kitify-images-layout__icon\"><div class=\"kitify-images-layout-icon-inner\"><i aria-hidden=\"true\" class=\"dlicon ui-1_zoom-in\"><\/i><\/div><\/div><\/div>\n\t\t<\/a>\n\t<\/div>\n<\/div><div class=\"kitify-images-layout__item  col-desk-2 col-lap-2 col-tab-2 col-tabp-2\">\n\t<div class=\"kitify-images-layout__inner\">\n\t\t<a class=\"kitify-images-layout__link\" href=\"http:\/\/www.hknprefabrik.com\/wp-content\/uploads\/2025\/06\/06_01-Tek-Katli-Celik-Evler_sag_04.jpg\" data-elementor-open-lightbox=\"yes\" data-elementor-lightbox-slideshow=\"19acadc\">\n\t\t\t<div class=\"kitify-images-layout__image\"><img loading=\"lazy\" decoding=\"async\" src=\"https:\/\/www.hknprefabrik.com\/wp-content\/uploads\/2025\/06\/06_01-Tek-Katli-Celik-Evler_sag_04.jpg\" data-src=\"https:\/\/www.hknprefabrik.com\/wp-content\/uploads\/2025\/06\/06_01-Tek-Katli-Celik-Evler_sag_04.jpg\" alt=\"\" loading=\"lazy\" class=\"kitify-images-layout__image-instance\" width=\"1000\" height=\"580\" srcset=\"https:\/\/www.hknprefabrik.com\/wp-content\/uploads\/2025\/06\/06_01-Tek-Katli-Celik-Evler_sag_04.jpg\" style=\"--img-height:580px\">\t\t\t<\/div>\n\t\t\t<div class=\"kitify-images-layout__content\"><div class=\"kitify-images-layout__icon\"><div class=\"kitify-images-layout-icon-inner\"><i aria-hidden=\"true\" class=\"dlicon ui-1_zoom-in\"><\/i><\/div><\/div><\/div>\n\t\t<\/a>\n\t<\/div>\n<\/div><div class=\"kitify-images-layout__item  col-desk-2 col-lap-2 col-tab-2 col-tabp-2\">\n\t<div class=\"kitify-images-layout__inner\">\n\t\t<a class=\"kitify-images-layout__link\" href=\"http:\/\/www.hknprefabrik.com\/wp-content\/uploads\/2025\/06\/06_01-Tek-Katli-Celik-Evler_sol_03.jpg\" data-elementor-open-lightbox=\"yes\" data-elementor-lightbox-slideshow=\"19acadc\">\n\t\t\t<div class=\"kitify-images-layout__image\"><img loading=\"lazy\" decoding=\"async\" src=\"https:\/\/www.hknprefabrik.com\/wp-content\/uploads\/2025\/06\/06_01-Tek-Katli-Celik-Evler_sol_03.jpg\" data-src=\"https:\/\/www.hknprefabrik.com\/wp-content\/uploads\/2025\/06\/06_01-Tek-Katli-Celik-Evler_sol_03.jpg\" alt=\"\" loading=\"lazy\" class=\"kitify-images-layout__image-instance\" width=\"1000\" height=\"1200\" srcset=\"https:\/\/www.hknprefabrik.com\/wp-content\/uploads\/2025\/06\/06_01-Tek-Katli-Celik-Evler_sol_03.jpg\" style=\"--img-height:1200px\">\t\t\t<\/div>\n\t\t\t<div class=\"kitify-images-layout__content\"><div class=\"kitify-images-layout__icon\"><div class=\"kitify-images-layout-icon-inner\"><i aria-hidden=\"true\" class=\"dlicon ui-1_zoom-in\"><\/i><\/div><\/div><\/div>\n\t\t<\/a>\n\t<\/div>\n<\/div><div class=\"kitify-images-layout__item  col-desk-2 col-lap-2 col-tab-2 col-tabp-2\">\n\t<div class=\"kitify-images-layout__inner\">\n\t\t<a class=\"kitify-images-layout__link\" href=\"http:\/\/www.hknprefabrik.com\/wp-content\/uploads\/2025\/06\/06_01-Tek-Katli-Celik-Evler_sag_05.jpg\" data-elementor-open-lightbox=\"yes\" data-elementor-lightbox-slideshow=\"19acadc\">\n\t\t\t<div class=\"kitify-images-layout__image\"><img loading=\"lazy\" decoding=\"async\" src=\"https:\/\/www.hknprefabrik.com\/wp-content\/uploads\/2025\/06\/06_01-Tek-Katli-Celik-Evler_sag_05.jpg\" data-src=\"https:\/\/www.hknprefabrik.com\/wp-content\/uploads\/2025\/06\/06_01-Tek-Katli-Celik-Evler_sag_05.jpg\" alt=\"\" loading=\"lazy\" class=\"kitify-images-layout__image-instance\" width=\"1000\" height=\"580\" srcset=\"https:\/\/www.hknprefabrik.com\/wp-content\/uploads\/2025\/06\/06_01-Tek-Katli-Celik-Evler_sag_05.jpg\" style=\"--img-height:580px\">\t\t\t<\/div>\n\t\t\t<div class=\"kitify-images-layout__content\"><div class=\"kitify-images-layout__icon\"><div class=\"kitify-images-layout-icon-inner\"><i aria-hidden=\"true\" class=\"dlicon ui-1_zoom-in\"><\/i><\/div><\/div><\/div>\n\t\t<\/a>\n\t<\/div>\n<\/div><div class=\"kitify-images-layout__item  col-desk-2 col-lap-2 col-tab-2 col-tabp-2\">\n\t<div class=\"kitify-images-layout__inner\">\n\t\t<a class=\"kitify-images-layout__link\" href=\"http:\/\/www.hknprefabrik.com\/wp-content\/uploads\/2025\/06\/06_01-Tek-Katli-Celik-Evler_sag_06.jpg\" data-elementor-open-lightbox=\"yes\" data-elementor-lightbox-slideshow=\"19acadc\">\n\t\t\t<div class=\"kitify-images-layout__image\"><img loading=\"lazy\" decoding=\"async\" src=\"https:\/\/www.hknprefabrik.com\/wp-content\/uploads\/2025\/06\/06_01-Tek-Katli-Celik-Evler_sag_06.jpg\" data-src=\"https:\/\/www.hknprefabrik.com\/wp-content\/uploads\/2025\/06\/06_01-Tek-Katli-Celik-Evler_sag_06.jpg\" alt=\"\" loading=\"lazy\" class=\"kitify-images-layout__image-instance\" width=\"1000\" height=\"580\" srcset=\"https:\/\/www.hknprefabrik.com\/wp-content\/uploads\/2025\/06\/06_01-Tek-Katli-Celik-Evler_sag_06.jpg\" style=\"--img-height:580px\">\t\t\t<\/div>\n\t\t\t<div class=\"kitify-images-layout__content\"><div class=\"kitify-images-layout__icon\"><div class=\"kitify-images-layout-icon-inner\"><i aria-hidden=\"true\" class=\"dlicon ui-1_zoom-in\"><\/i><\/div><\/div><\/div>\n\t\t<\/a>\n\t<\/div>\n<\/div><div class=\"kitify-images-layout__item  col-desk-2 col-lap-2 col-tab-2 col-tabp-2\">\n\t<div class=\"kitify-images-layout__inner\">\n\t\t<a class=\"kitify-images-layout__link\" href=\"http:\/\/www.hknprefabrik.com\/wp-content\/uploads\/2025\/06\/06_01-Tek-Katli-Celik-Evler_sag_07.jpg\" data-elementor-open-lightbox=\"yes\" data-elementor-lightbox-slideshow=\"19acadc\">\n\t\t\t<div class=\"kitify-images-layout__image\"><img loading=\"lazy\" decoding=\"async\" src=\"https:\/\/www.hknprefabrik.com\/wp-content\/uploads\/2025\/06\/06_01-Tek-Katli-Celik-Evler_sag_07.jpg\" data-src=\"https:\/\/www.hknprefabrik.com\/wp-content\/uploads\/2025\/06\/06_01-Tek-Katli-Celik-Evler_sag_07.jpg\" alt=\"\" loading=\"lazy\" class=\"kitify-images-layout__image-instance\" width=\"1000\" height=\"580\" srcset=\"https:\/\/www.hknprefabrik.com\/wp-content\/uploads\/2025\/06\/06_01-Tek-Katli-Celik-Evler_sag_07.jpg\" style=\"--img-height:580px\">\t\t\t<\/div>\n\t\t\t<div class=\"kitify-images-layout__content\"><div class=\"kitify-images-layout__icon\"><div class=\"kitify-images-layout-icon-inner\"><i aria-hidden=\"true\" class=\"dlicon ui-1_zoom-in\"><\/i><\/div><\/div><\/div>\n\t\t<\/a>\n\t<\/div>\n<\/div><div class=\"kitify-images-layout__item  col-desk-2 col-lap-2 col-tab-2 col-tabp-2\">\n\t<div class=\"kitify-images-layout__inner\">\n\t\t<a class=\"kitify-images-layout__link\" href=\"http:\/\/www.hknprefabrik.com\/wp-content\/uploads\/2025\/06\/06_01-Tek-Katli-Celik-Evler_sag_08.jpg\" data-elementor-open-lightbox=\"yes\" data-elementor-lightbox-slideshow=\"19acadc\">\n\t\t\t<div class=\"kitify-images-layout__image\"><img loading=\"lazy\" decoding=\"async\" src=\"https:\/\/www.hknprefabrik.com\/wp-content\/uploads\/2025\/06\/06_01-Tek-Katli-Celik-Evler_sag_08.jpg\" data-src=\"https:\/\/www.hknprefabrik.com\/wp-content\/uploads\/2025\/06\/06_01-Tek-Katli-Celik-Evler_sag_08.jpg\" alt=\"\" loading=\"lazy\" class=\"kitify-images-layout__image-instance\" width=\"1000\" height=\"580\" srcset=\"https:\/\/www.hknprefabrik.com\/wp-content\/uploads\/2025\/06\/06_01-Tek-Katli-Celik-Evler_sag_08.jpg\" style=\"--img-height:580px\">\t\t\t<\/div>\n\t\t\t<div class=\"kitify-images-layout__content\"><div class=\"kitify-images-layout__icon\"><div class=\"kitify-images-layout-icon-inner\"><i aria-hidden=\"true\" class=\"dlicon ui-1_zoom-in\"><\/i><\/div><\/div><\/div>\n\t\t<\/a>\n\t<\/div>\n<\/div>        <\/div>\n    <\/div>\n    <\/div>\t\t\t\t<\/div>\n\t\t\t\t<\/div>\n\t\t\t\t\t<\/div>\n\t\t\t\t<\/div>\n\t\t<div class=\"elementor-element elementor-element-d2e1faa e-flex e-con-boxed kitify-col-width-auto-no ignore-docs-style-no kitify-disable-relative-no e-root-container elementor-top-section e-con e-parent\" data-id=\"d2e1faa\" data-element_type=\"container\">\n\t\t\t\t\t<div class=\"e-con-inner\">\n\t\t\t\t<div class=\"elementor-element elementor-element-6620214 elementor-widget elementor-widget-text-editor\" data-id=\"6620214\" data-element_type=\"widget\" data-widget_type=\"text-editor.default\">\n\t\t\t\t<div class=\"elementor-widget-container\">\n\t\t\t\t\t\t\t\t\t<p><strong>\u2705 Teknik \u00d6zellikler<\/strong><\/p><p><strong>Tek katl\u0131 \u00e7elik evler, hafif \u00e7elik konstr\u00fcksiyon sistemiyle \u00fcretilir. Ana ta\u015f\u0131y\u0131c\u0131 sistem; galvanizli \u00e7elik profillerden olu\u015fur. Duvar ve \u00e7at\u0131 panellerinde sandvi\u00e7 panel veya fibercement levhalar kullan\u0131labilir.<\/strong><\/p><ul><li><strong>Ta\u015f\u0131y\u0131c\u0131 sistem \u00f6mr\u00fc: 100-150 y\u0131l<\/strong><\/li><li><strong>Is\u0131 ve ses yal\u0131t\u0131m\u0131: Y\u00fcksek verimlilikte (ta\u015fy\u00fcn\u00fc, camy\u00fcn\u00fc, EPS, XPS opsiyonlu)<\/strong><\/li><li><strong>Yang\u0131n dayan\u0131m\u0131: Standartlara uygun, yang\u0131na diren\u00e7li malzeme se\u00e7enekleri<\/strong><\/li><li><strong>Deprem dayan\u0131m\u0131: TS498 ve Eurocode 8&#8217;e uygun m\u00fchendislik hesaplar\u0131yla haz\u0131rlan\u0131r<\/strong><\/li><li><strong>Kurulum s\u00fcresi: Ortalama 7\u201315 g\u00fcn aras\u0131 (proje b\u00fcy\u00fckl\u00fc\u011f\u00fcne g\u00f6re de\u011fi\u015fir)<\/strong><\/li><\/ul>\t\t\t\t\t\t\t\t<\/div>\n\t\t\t\t<\/div>\n\t\t\t\t<div class=\"elementor-element elementor-element-e231747 elementor-widget elementor-widget-text-editor\" data-id=\"e231747\" data-element_type=\"widget\" data-widget_type=\"text-editor.default\">\n\t\t\t\t<div class=\"elementor-widget-container\">\n\t\t\t\t\t\t\t\t\t<ul><li><p><strong>\u2b50 Neden HKN PREFABR\u0130K?<\/strong><\/p><p><strong>HKN PREFABR\u0130K, \u00e7elik yap\u0131 sekt\u00f6r\u00fcnde kalite, g\u00fcvenlik ve m\u00fc\u015fteri memnuniyetini \u00f6n planda tutarak hizmet verir.<\/strong><\/p><ul><li><strong>Bilgisayar destekli \u00fcretim: Her detay milimetrik hassasiyetle planlan\u0131r<\/strong><\/li><li><strong>Proje bazl\u0131 \u00e7\u00f6z\u00fcmler: Her m\u00fc\u015fteri i\u00e7in ihtiyaca \u00f6zel mimari ve statik \u00e7\u00f6z\u00fcmler<\/strong><\/li><li><strong>H\u0131zl\u0131 \u00fcretim ve montaj: Zaman\u0131nda teslimat garantisi<\/strong><\/li><li><strong>Sat\u0131\u015f sonras\u0131 destek: Yedek par\u00e7a, bak\u0131m rehberi ve dan\u0131\u015fmanl\u0131k hizmeti<\/strong><\/li><li><strong>Uluslararas\u0131 kalite belgeleri: ISO, CE ve TSE sertifikal\u0131 \u00fcretim<\/strong><\/li><\/ul><\/li><\/ul>\t\t\t\t\t\t\t\t<\/div>\n\t\t\t\t<\/div>\n\t\t\t\t<div class=\"elementor-element elementor-element-d5b7940 elementor-widget elementor-widget-text-editor\" data-id=\"d5b7940\" data-element_type=\"widget\" data-widget_type=\"text-editor.default\">\n\t\t\t\t<div class=\"elementor-widget-container\">\n\t\t\t\t\t\t\t\t\t<ul><li><p><strong>\ud83d\udee0\ufe0f Tek Katl\u0131 \u00c7elik Evlerin Avantajlar\u0131<\/strong><\/p><ul><li><strong>Depreme dayan\u0131kl\u0131 ve esnek yap\u0131 sistemi<\/strong><\/li><li><strong>Enerji tasarrufu sa\u011flayan yal\u0131t\u0131m \u00f6zellikleri<\/strong><\/li><li><strong>Mod\u00fcler \u00fcretim avantaj\u0131 sayesinde k\u0131sa s\u00fcrede in\u015fa<\/strong><\/li><li><strong>Uzun \u00f6m\u00fcrl\u00fc ve d\u00fc\u015f\u00fck bak\u0131m gereksinimi<\/strong><\/li><li><strong>\u00c7evreye duyarl\u0131 ve geri d\u00f6n\u00fc\u015ft\u00fcr\u00fclebilir malzeme kullan\u0131m\u0131<\/strong><\/li><li><strong>Modern ve estetik tasar\u0131m alternatifleri<\/strong><\/li><li><strong>Mimari olarak \u00f6zelle\u015ftirilebilir i\u00e7\/d\u0131\u015f planlar<\/strong><\/li><\/ul><\/li><\/ul>\t\t\t\t\t\t\t\t<\/div>\n\t\t\t\t<\/div>\n\t\t\t\t<div class=\"elementor-element elementor-element-e45aa1c elementor-widget elementor-widget-text-editor\" data-id=\"e45aa1c\" data-element_type=\"widget\" data-widget_type=\"text-editor.default\">\n\t\t\t\t<div class=\"elementor-widget-container\">\n\t\t\t\t\t\t\t\t\t<p><strong>\ud83c\udfd8\ufe0f Kullan\u0131m Alanlar\u0131<\/strong><\/p><p><strong>Tek katl\u0131 \u00e7elik evler \u00e7ok geni\u015f bir yelpazede kullan\u0131labilir:<\/strong><\/p><ul><li><strong>Yazl\u0131k veya k\u0131rsal ya\u015fam alan\u0131<\/strong><\/li><li><strong>Kal\u0131c\u0131 konut projeleri<\/strong><\/li><li><strong>Tatil k\u00f6yleri ve bungalov yerle\u015fkeleri<\/strong><\/li><li><strong>\u015eantiye sahas\u0131 i\u00e7inde y\u00f6netici konutu<\/strong><\/li><li><strong>Tar\u0131msal alanlarda \u00e7al\u0131\u015fan konaklama alan\u0131<\/strong><\/li><li><strong>Do\u011fal afet sonras\u0131 ge\u00e7ici yerle\u015fim \u00e7\u00f6z\u00fcm\u00fc<\/strong><\/li><\/ul>\t\t\t\t\t\t\t\t<\/div>\n\t\t\t\t<\/div>\n\t\t\t\t<div class=\"elementor-element elementor-element-e051426 elementor-widget elementor-widget-text-editor\" data-id=\"e051426\" data-element_type=\"widget\" data-widget_type=\"text-editor.default\">\n\t\t\t\t<div class=\"elementor-widget-container\">\n\t\t\t\t\t\t\t\t\t<p><strong>\ud83d\udccc Sonu\u00e7<\/strong><\/p><p><strong>Tek katl\u0131 \u00e7elik evler, sa\u011flaml\u0131\u011f\u0131, esteti\u011fi ve \u00e7evre dostu yap\u0131s\u0131yla modern yap\u0131 anlay\u0131\u015f\u0131n\u0131n en verimli \u00f6rneklerinden biridir. HKN PREFABR\u0130K\u2019in m\u00fchendislik g\u00fcvencesiyle in\u015fa edilen bu yap\u0131lar, yat\u0131r\u0131m de\u011feri y\u00fcksek ve ya\u015fam kalitesi y\u00fcksek \u00e7\u00f6z\u00fcmler sunar. K\u0131sa s\u00fcrede teslim edilen, her ihtiyaca uygun olarak tasarlanabilen bu evler sayesinde siz de konforlu ve g\u00fcvenli bir gelece\u011fe ad\u0131m atabilirsiniz.<\/strong><\/p>\t\t\t\t\t\t\t\t<\/div>\n\t\t\t\t<\/div>\n\t\t\t\t\t<\/div>\n\t\t\t\t<\/div>\n\t\t\t\t<\/div>\n\t\t\n","protected":false},"excerpt":{"rendered":"<p><strong>TEK KATLI \u00c7EL\u0130K EVLER<\/strong><\/p>\n<p>Tek katl\u0131 \u00e7elik evler, hem dayan\u0131kl\u0131l\u0131\u011f\u0131 hem de modern tasar\u0131m\u0131 bir arada sunan yeni nesil ya\u015fam alanlar\u0131d\u0131r. Hafif \u00e7elik yap\u0131 sistemi sayesinde k\u0131sa s\u00fcrede in\u015fa edilebilen bu yap\u0131lar, depreme dayan\u0131kl\u0131, enerji verimli ve estetik g\u00f6r\u00fcn\u00fcmleriyle \u00f6ne \u00e7\u0131kar. Uzun \u00f6m\u00fcrl\u00fc, \u00e7evre dostu ve bak\u0131m ihtiyac\u0131 d\u00fc\u015f\u00fck olan bu evler, konforlu bir ya\u015fam i\u00e7in ideal bir tercihtir.<\/p>\n","protected":false},"featured_media":7817,"comment_status":"open","ping_status":"closed","template":"","meta":[],"product_brand":[],"product_cat":[54],"product_tag":[115,116,44,117],"class_list":{"0":"post-7755","1":"product","2":"type-product","3":"status-publish","4":"has-post-thumbnail","6":"product_cat-hafif-celik-yapi","7":"product_tag-prefabrik","8":"product_tag-prefabrik-santiye","9":"product_tag-prefabrik-santiye-binalari","10":"product_tag-santiye-binasi","12":"first","13":"instock","14":"taxable","15":"shipping-taxable","16":"product-type-simple"},"jetpack_sharing_enabled":true,"_links":{"self":[{"href":"https:\/\/www.hknprefabrik.com\/index.php\/wp-json\/wp\/v2\/product\/7755","targetHints":{"allow":["GET"]}}],"collection":[{"href":"https:\/\/www.hknprefabrik.com\/index.php\/wp-json\/wp\/v2\/product"}],"about":[{"href":"https:\/\/www.hknprefabrik.com\/index.php\/wp-json\/wp\/v2\/types\/product"}],"replies":[{"embeddable":true,"href":"https:\/\/www.hknprefabrik.com\/index.php\/wp-json\/wp\/v2\/comments?post=7755"}],"wp:featuredmedia":[{"embeddable":true,"href":"https:\/\/www.hknprefabrik.com\/index.php\/wp-json\/wp\/v2\/media\/7817"}],"wp:attachment":[{"href":"https:\/\/www.hknprefabrik.com\/index.php\/wp-json\/wp\/v2\/media?parent=7755"}],"wp:term":[{"taxonomy":"product_brand","embeddable":true,"href":"https:\/\/www.hknprefabrik.com\/index.php\/wp-json\/wp\/v2\/product_brand?post=7755"},{"taxonomy":"product_cat","embeddable":true,"href":"https:\/\/www.hknprefabrik.com\/index.php\/wp-json\/wp\/v2\/product_cat?post=7755"},{"taxonomy":"product_tag","embeddable":true,"href":"https:\/\/www.hknprefabrik.com\/index.php\/wp-json\/wp\/v2\/product_tag?post=7755"}],"curies":[{"name":"wp","href":"https:\/\/api.w.org\/{rel}","templated":true}]}}