{"id":7756,"date":"2025-06-20T11:00:38","date_gmt":"2025-06-20T11:00:38","guid":{"rendered":"https:\/\/www.hknprefabrik.com\/?post_type=product&#038;p=7756"},"modified":"2025-06-20T14:52:07","modified_gmt":"2025-06-20T14:52:07","slug":"cift-katli-celik-evler","status":"publish","type":"product","link":"https:\/\/www.hknprefabrik.com\/index.php\/urun\/cift-katli-celik-evler\/","title":{"rendered":"\u00c7\u0130FT KATLI \u00c7EL\u0130K EVLER"},"content":{"rendered":"\t\t<div data-elementor-type=\"section\" data-elementor-id=\"7720\" class=\"elementor elementor-7720\" data-elementor-post-type=\"elementor_library\">\n\t\t\t<div class=\"elementor-element elementor-element-eb43277 e-flex e-con-boxed kitify-col-width-auto-no ignore-docs-style-no kitify-disable-relative-no e-root-container elementor-top-section e-con e-parent\" data-id=\"eb43277\" data-element_type=\"container\">\n\t\t\t\t\t<div class=\"e-con-inner\">\n\t\t\t\t<div class=\"elementor-element elementor-element-963af52 elementor-widget elementor-widget-heading\" data-id=\"963af52\" data-element_type=\"widget\" data-widget_type=\"heading.default\">\n\t\t\t\t<div class=\"elementor-widget-container\">\n\t\t\t\t\t<p class=\"elementor-heading-title elementor-size-default\">\u00c7elik evler, in\u015faat sekt\u00f6r\u00fcnde dayan\u0131kl\u0131l\u0131\u011f\u0131, esnekli\u011fi ve h\u0131zl\u0131 \u00fcretim avantaj\u0131yla \u00f6ne \u00e7\u0131kar. \u00d6zellikle deprem b\u00f6lgesinde ya\u015fayanlar i\u00e7in ideal \u00e7\u00f6z\u00fcmler sunan \u00e7elik yap\u0131lar, betonarme yap\u0131lara g\u00f6re daha hafif ve y\u00fcksek sars\u0131nt\u0131 dayan\u0131kl\u0131l\u0131\u011f\u0131na sahiptir. \u00c7elik evlerde kullan\u0131lan galvaniz kapl\u0131 Erdemir 1311 (ST-37) \u00e7elik malzeme, paslanmaya kar\u015f\u0131 uzun \u00f6m\u00fcrl\u00fc koruma sa\u011flar ve 100-150 y\u0131l dayanabilir.<\/p>\t\t\t\t<\/div>\n\t\t\t\t<\/div>\n\t\t\t\t\t<\/div>\n\t\t\t\t<\/div>\n\t\t<div class=\"elementor-element elementor-element-fedf445 e-flex e-con-boxed kitify-col-width-auto-no ignore-docs-style-no kitify-disable-relative-no e-root-container elementor-top-section e-con e-parent\" data-id=\"fedf445\" data-element_type=\"container\">\n\t\t\t\t\t<div class=\"e-con-inner\">\n\t\t\t\t<div class=\"elementor-element elementor-element-19acadc imagelayout-preset-type-1 elementor-widget kitify elementor-kitify-images-layout\" data-id=\"19acadc\" data-element_type=\"widget\" data-widget_type=\"kitify-images-layout.default\">\n\t\t\t\t<div class=\"elementor-widget-container\">\n\t\t\t\t\t\n<div class=\"kitify-images-layout layout-type-grid preset-type-1 kitify-masonry-wrapper\" data-item_selector=\".kitify-images-layout__item\"  data-kitifymasonry_itemselector=\".kitify-images-layout__item\" data-kitifymasonry_wrap=\".kitify-images-layout__list\">\n        <div class=\"kitify-images-layout__list_wrapper\">\n        <div class=\"kitify-images-layout__list col-row\">\n            <div class=\"kitify-images-layout__item  col-desk-2 col-lap-2 col-tab-2 col-tabp-2\">\n\t<div class=\"kitify-images-layout__inner\">\n\t\t<a class=\"kitify-images-layout__link\" href=\"http:\/\/www.hknprefabrik.com\/wp-content\/uploads\/2025\/06\/06_02-Cift-Katli-Celik-Evler_sol_01.jpg\" data-elementor-open-lightbox=\"yes\" data-elementor-lightbox-slideshow=\"19acadc\">\n\t\t\t<div class=\"kitify-images-layout__image\"><img loading=\"lazy\" decoding=\"async\" src=\"https:\/\/www.hknprefabrik.com\/wp-content\/uploads\/2025\/06\/06_02-Cift-Katli-Celik-Evler_sol_01.jpg\" data-src=\"https:\/\/www.hknprefabrik.com\/wp-content\/uploads\/2025\/06\/06_02-Cift-Katli-Celik-Evler_sol_01.jpg\" alt=\"\" loading=\"lazy\" class=\"kitify-images-layout__image-instance\" width=\"1000\" height=\"1200\" srcset=\"https:\/\/www.hknprefabrik.com\/wp-content\/uploads\/2025\/06\/06_02-Cift-Katli-Celik-Evler_sol_01.jpg\" style=\"--img-height:1200px\">\t\t\t<\/div>\n\t\t\t<div class=\"kitify-images-layout__content\"><div class=\"kitify-images-layout__icon\"><div class=\"kitify-images-layout-icon-inner\"><i aria-hidden=\"true\" class=\"dlicon ui-1_zoom-in\"><\/i><\/div><\/div><\/div>\n\t\t<\/a>\n\t<\/div>\n<\/div><div class=\"kitify-images-layout__item  col-desk-2 col-lap-2 col-tab-2 col-tabp-2\">\n\t<div class=\"kitify-images-layout__inner\">\n\t\t<a class=\"kitify-images-layout__link\" href=\"http:\/\/www.hknprefabrik.com\/wp-content\/uploads\/2025\/06\/06_02-Cift-Katli-Celik-Evler_sag_02.jpg\" data-elementor-open-lightbox=\"yes\" data-elementor-lightbox-slideshow=\"19acadc\">\n\t\t\t<div class=\"kitify-images-layout__image\"><img loading=\"lazy\" decoding=\"async\" src=\"https:\/\/www.hknprefabrik.com\/wp-content\/uploads\/2025\/06\/06_02-Cift-Katli-Celik-Evler_sag_02.jpg\" data-src=\"https:\/\/www.hknprefabrik.com\/wp-content\/uploads\/2025\/06\/06_02-Cift-Katli-Celik-Evler_sag_02.jpg\" alt=\"\" loading=\"lazy\" class=\"kitify-images-layout__image-instance\" width=\"1000\" height=\"580\" srcset=\"https:\/\/www.hknprefabrik.com\/wp-content\/uploads\/2025\/06\/06_02-Cift-Katli-Celik-Evler_sag_02.jpg\" style=\"--img-height:580px\">\t\t\t<\/div>\n\t\t\t<div class=\"kitify-images-layout__content\"><div class=\"kitify-images-layout__icon\"><div class=\"kitify-images-layout-icon-inner\"><i aria-hidden=\"true\" class=\"dlicon ui-1_zoom-in\"><\/i><\/div><\/div><\/div>\n\t\t<\/a>\n\t<\/div>\n<\/div><div class=\"kitify-images-layout__item  col-desk-2 col-lap-2 col-tab-2 col-tabp-2\">\n\t<div class=\"kitify-images-layout__inner\">\n\t\t<a class=\"kitify-images-layout__link\" href=\"http:\/\/www.hknprefabrik.com\/wp-content\/uploads\/2025\/06\/06_02-Cift-Katli-Celik-Evler_sag_01.jpg\" data-elementor-open-lightbox=\"yes\" data-elementor-lightbox-slideshow=\"19acadc\">\n\t\t\t<div class=\"kitify-images-layout__image\"><img loading=\"lazy\" decoding=\"async\" src=\"https:\/\/www.hknprefabrik.com\/wp-content\/uploads\/2025\/06\/06_02-Cift-Katli-Celik-Evler_sag_01.jpg\" data-src=\"https:\/\/www.hknprefabrik.com\/wp-content\/uploads\/2025\/06\/06_02-Cift-Katli-Celik-Evler_sag_01.jpg\" alt=\"\" loading=\"lazy\" class=\"kitify-images-layout__image-instance\" width=\"1000\" height=\"580\" srcset=\"https:\/\/www.hknprefabrik.com\/wp-content\/uploads\/2025\/06\/06_02-Cift-Katli-Celik-Evler_sag_01.jpg\" style=\"--img-height:580px\">\t\t\t<\/div>\n\t\t\t<div class=\"kitify-images-layout__content\"><div class=\"kitify-images-layout__icon\"><div class=\"kitify-images-layout-icon-inner\"><i aria-hidden=\"true\" class=\"dlicon ui-1_zoom-in\"><\/i><\/div><\/div><\/div>\n\t\t<\/a>\n\t<\/div>\n<\/div>        <\/div>\n    <\/div>\n    <\/div>\t\t\t\t<\/div>\n\t\t\t\t<\/div>\n\t\t\t\t\t<\/div>\n\t\t\t\t<\/div>\n\t\t<div class=\"elementor-element elementor-element-d2e1faa e-flex e-con-boxed kitify-col-width-auto-no ignore-docs-style-no kitify-disable-relative-no e-root-container elementor-top-section e-con e-parent\" data-id=\"d2e1faa\" data-element_type=\"container\">\n\t\t\t\t\t<div class=\"e-con-inner\">\n\t\t\t\t<div class=\"elementor-element elementor-element-930ef5c elementor-widget elementor-widget-heading\" data-id=\"930ef5c\" data-element_type=\"widget\" data-widget_type=\"heading.default\">\n\t\t\t\t<div class=\"elementor-widget-container\">\n\t\t\t\t\t<p class=\"elementor-heading-title elementor-size-default\">\u00c7elik evlerin \u00fcretimi hava ko\u015fullar\u0131ndan ba\u011f\u0131ms\u0131zd\u0131r, y\u0131l\u0131n her mevsiminde h\u0131zl\u0131ca kurulabilir. \u00dcretiminde y\u00fcksek teknoloji kullan\u0131larak hata pay\u0131 minimize edilir, b\u00f6ylece yap\u0131 kalitesi ve g\u00fcvenli\u011fi garanti alt\u0131na al\u0131n\u0131r. Yap\u0131n\u0131n mimari tasar\u0131m\u0131nda b\u00fcy\u00fck esneklik sa\u011flan\u0131rken, i\u00e7 mekanlar geni\u015f ve ferah olarak planlanabilir.<\/p>\t\t\t\t<\/div>\n\t\t\t\t<\/div>\n\t\t\t\t<div class=\"elementor-element elementor-element-6620214 elementor-widget elementor-widget-text-editor\" data-id=\"6620214\" data-element_type=\"widget\" data-widget_type=\"text-editor.default\">\n\t\t\t\t<div class=\"elementor-widget-container\">\n\t\t\t\t\t\t\t\t\t<p>Teknik olarak;<\/p><ul><li><strong>Deprem Dayan\u0131kl\u0131l\u0131\u011f\u0131:<\/strong> A0=0.40 yer ivmesi katsay\u0131s\u0131na g\u00f6re tasarlan\u0131r.<\/li><li><strong>\u0130klim Ko\u015fullar\u0131:<\/strong> 1., 2. ve 3. iklim b\u00f6lgelerine uygun \u00fcretim.<\/li><li><strong>Kar Y\u00fck\u00fc:<\/strong> 80 kg\/m\u00b2 (montaj b\u00f6lgesine g\u00f6re de\u011fi\u015fir).<\/li><li><strong>R\u00fczgar H\u0131z\u0131:<\/strong> 102 km\/saat dayan\u0131kl\u0131l\u0131k.<\/li><li><strong>Is\u0131 Yal\u0131t\u0131m\u0131:<\/strong> Cephe U de\u011feri 0.37 W\/m\u00b2K, \u00e7at\u0131 U de\u011feri 0.42 W\/m\u00b2K.<\/li><li><strong>Duvar Yap\u0131s\u0131:<\/strong> 84 mm \u00e7elik karkas + OSB, nem bariyeri, M profil, derz betopan ve kaplama betopan ile toplam 150 mm kal\u0131nl\u0131k. \u0130\u00e7 y\u00fczeylerde al\u00e7\u0131 levha kullan\u0131l\u0131r (kuru\/\u0131slak hacme g\u00f6re).<\/li><li><strong>Yal\u0131t\u0131m:<\/strong> 80 mm mineral y\u00fcn veya ta\u015fy\u00fcn\u00fc (iste\u011fe ba\u011fl\u0131), tavanlarda 80 mm cam y\u00fcn\u00fc.<\/li><li><strong>\u00c7at\u0131 Sistemi:<\/strong> B\u00f6lgeye g\u00f6re be\u015fik veya k\u0131rma \u00e7at\u0131, galvanizli sac makas konstr\u00fcksiyonu.<\/li><li><strong>Kap\u0131 ve Pencereler:<\/strong> TSE belgeli \u00e7elik kap\u0131lar, PVC \u00e7ift caml\u0131 pencere do\u011framalar\u0131.<\/li><li><strong>Merdiven:<\/strong> Galvaniz sac iskelet, vidal\u0131 sistem, ah\u015fap kaplama veya d\u0131\u015f mekan baklaval\u0131 sac basamaklar.<\/li><li><strong>Tesisatlar:<\/strong> Elektrik ve s\u0131hhi tesisatlar s\u0131va alt\u0131, TSE belgeli malzemeler.<\/li><li><strong>Temel:<\/strong> Zemin et\u00fcd\u00fc sonras\u0131 beton radye temel veya \u00e7elik has\u0131r kullan\u0131l\u0131r.<\/li><\/ul>\t\t\t\t\t\t\t\t<\/div>\n\t\t\t\t<\/div>\n\t\t\t\t<div class=\"elementor-element elementor-element-e231747 elementor-widget elementor-widget-text-editor\" data-id=\"e231747\" data-element_type=\"widget\" data-widget_type=\"text-editor.default\">\n\t\t\t\t<div class=\"elementor-widget-container\">\n\t\t\t\t\t\t\t\t\t<ul><li><p>\u00c7elik evlerin maliyeti, betonarme yap\u0131lara g\u00f6re daha ekonomiktir ve montaj sonras\u0131 bak\u0131m gerektirmez. Yap\u0131lar\u0131n yang\u0131n, b\u00f6ceklenme ve nem gibi sorunlara kar\u015f\u0131 dayan\u0131kl\u0131l\u0131\u011f\u0131 y\u00fcksektir. Ayr\u0131ca %100 geri d\u00f6n\u00fc\u015ft\u00fcr\u00fclebilir malzeme kullan\u0131m\u0131 ile \u00e7evreye duyarl\u0131 bir se\u00e7enektir.<\/p><\/li><\/ul>\t\t\t\t\t\t\t\t<\/div>\n\t\t\t\t<\/div>\n\t\t\t\t<div class=\"elementor-element elementor-element-d5b7940 elementor-widget elementor-widget-text-editor\" data-id=\"d5b7940\" data-element_type=\"widget\" data-widget_type=\"text-editor.default\">\n\t\t\t\t<div class=\"elementor-widget-container\">\n\t\t\t\t\t\t\t\t\t<ul><li>Japonya ve Avrupa \u00fclkelerinde yayg\u0131n olarak kullan\u0131lan \u00e7elik konstr\u00fcksiyon yap\u0131larla ayn\u0131 kaliteyi sizlere sunuyoruz.<\/li><\/ul>\t\t\t\t\t\t\t\t<\/div>\n\t\t\t\t<\/div>\n\t\t\t\t\t<\/div>\n\t\t\t\t<\/div>\n\t\t\t\t<\/div>\n\t\t\n","protected":false},"excerpt":{"rendered":"<p><strong>\u00c7ift Katl\u0131 \u00c7elik Evler<\/strong><\/p>\n<p>\u00c7ift katl\u0131 \u00e7elik evler, \u00fcst\u00fcn yap\u0131 g\u00fcvenli\u011fi ve modern villa konforunu bir arada sunar. Karmod\u2019un yenilik\u00e7i \u00e7elik konstr\u00fcksiyon sistemleriyle k\u0131sa s\u00fcrede, dayan\u0131kl\u0131 ve \u015f\u0131k ya\u015fam alanlar\u0131na sahip olabilirsiniz. Hem kendiniz hem de sevdikleriniz i\u00e7in sa\u011flam, enerji tasarruflu ve estetik bir ev sahibi olman\u0131n en pratik yolu burada.<\/p>\n","protected":false},"featured_media":7821,"comment_status":"open","ping_status":"closed","template":"","meta":[],"product_brand":[],"product_cat":[54],"product_tag":[115,116,44,117],"class_list":{"0":"post-7756","1":"product","2":"type-product","3":"status-publish","4":"has-post-thumbnail","6":"product_cat-hafif-celik-yapi","7":"product_tag-prefabrik","8":"product_tag-prefabrik-santiye","9":"product_tag-prefabrik-santiye-binalari","10":"product_tag-santiye-binasi","12":"first","13":"instock","14":"taxable","15":"shipping-taxable","16":"product-type-simple"},"jetpack_sharing_enabled":true,"_links":{"self":[{"href":"https:\/\/www.hknprefabrik.com\/index.php\/wp-json\/wp\/v2\/product\/7756","targetHints":{"allow":["GET"]}}],"collection":[{"href":"https:\/\/www.hknprefabrik.com\/index.php\/wp-json\/wp\/v2\/product"}],"about":[{"href":"https:\/\/www.hknprefabrik.com\/index.php\/wp-json\/wp\/v2\/types\/product"}],"replies":[{"embeddable":true,"href":"https:\/\/www.hknprefabrik.com\/index.php\/wp-json\/wp\/v2\/comments?post=7756"}],"wp:featuredmedia":[{"embeddable":true,"href":"https:\/\/www.hknprefabrik.com\/index.php\/wp-json\/wp\/v2\/media\/7821"}],"wp:attachment":[{"href":"https:\/\/www.hknprefabrik.com\/index.php\/wp-json\/wp\/v2\/media?parent=7756"}],"wp:term":[{"taxonomy":"product_brand","embeddable":true,"href":"https:\/\/www.hknprefabrik.com\/index.php\/wp-json\/wp\/v2\/product_brand?post=7756"},{"taxonomy":"product_cat","embeddable":true,"href":"https:\/\/www.hknprefabrik.com\/index.php\/wp-json\/wp\/v2\/product_cat?post=7756"},{"taxonomy":"product_tag","embeddable":true,"href":"https:\/\/www.hknprefabrik.com\/index.php\/wp-json\/wp\/v2\/product_tag?post=7756"}],"curies":[{"name":"wp","href":"https:\/\/api.w.org\/{rel}","templated":true}]}}